{"id":15642,"date":"2022-04-11T14:19:12","date_gmt":"2022-04-11T12:19:12","guid":{"rendered":"https:\/\/deinenergieportal.de\/?page_id=15642"},"modified":"2022-07-09T10:32:22","modified_gmt":"2022-07-09T08:32:22","slug":"firmenportraits","status":"publish","type":"page","link":"https:\/\/deinenergieportal.de\/?page_id=15642","title":{"rendered":"Firmenportraits"},"content":{"rendered":"\n<div class=\"wp-block-columns is-layout-flex wp-container-core-columns-is-layout-28f84493 wp-block-columns-is-layout-flex\">\n<div class=\"wp-block-column is-layout-flow wp-block-column-is-layout-flow\" style=\"flex-basis:33.33%\">\n<figure class=\"wp-block-image size-large\"><a href=\"https:\/\/deinenergieportal.de\/wp-content\/uploads\/2022\/04\/LUNOS-Logo_blau-blau_RGB.jpg\"><img loading=\"lazy\" decoding=\"async\" width=\"1024\" height=\"519\" src=\"https:\/\/deinenergieportal.de\/wp-content\/uploads\/2022\/04\/LUNOS-Logo_blau-blau_RGB-1024x519.jpg\" alt=\"\" class=\"wp-image-15827\" srcset=\"https:\/\/deinenergieportal.de\/wp-content\/uploads\/2022\/04\/LUNOS-Logo_blau-blau_RGB-1024x519.jpg 1024w, https:\/\/deinenergieportal.de\/wp-content\/uploads\/2022\/04\/LUNOS-Logo_blau-blau_RGB-300x152.jpg 300w, https:\/\/deinenergieportal.de\/wp-content\/uploads\/2022\/04\/LUNOS-Logo_blau-blau_RGB-768x389.jpg 768w, https:\/\/deinenergieportal.de\/wp-content\/uploads\/2022\/04\/LUNOS-Logo_blau-blau_RGB-1536x778.jpg 1536w, https:\/\/deinenergieportal.de\/wp-content\/uploads\/2022\/04\/LUNOS-Logo_blau-blau_RGB-1320x669.jpg 1320w, https:\/\/deinenergieportal.de\/wp-content\/uploads\/2022\/04\/LUNOS-Logo_blau-blau_RGB.jpg 1768w\" sizes=\"auto, (max-width: 1024px) 100vw, 1024px\" \/><\/a><\/figure>\n<\/div>\n\n\n\n<div class=\"wp-block-column is-layout-flow wp-block-column-is-layout-flow\" style=\"flex-basis:66.66%\">\n<p><a href=\"https:\/\/deinenergieportal.de\/?tag=lunos\">LUNOS<\/a>&nbsp;L\u00fcftungstechnik GmbH &amp; Co. KG f\u00fcr Raumluftsysteme ist ein Berliner Unternehmen und Marktf\u00fchrer f\u00fcr dezentrale Wohnungsl\u00fcftungssysteme. Das Unternehmen wurde 1959 gegr\u00fcndet und hat bis heute seinen Sitz in Berlin-Spandau. In 2019 wurde ein zweiter Standort in Brandenburg er\u00f6ffnet. Damit wurden noch mehr Expansionsm\u00f6glichkeiten f\u00fcr das Unternehmen geschaffen, welches seine Produkte Made in Germany produziert und in \u00fcber 36 L\u00e4nder weltweit vertreibt. In Deutschland werden die Produkte \u00fcber den dreistufigen Vertriebsweg verkauft. Sie sind daher nur \u00fcber einen Architekten, Planer oder Installateur beziehbar.<\/p>\n\n\n\n<p>Details: <a href=\"https:\/\/deinenergieportal.de\/?p=15823\">Firmenportrait: Lunos L\u00fcftungstechnik (deinenergieportal.de)<\/a><\/p>\n<\/div>\n<\/div>\n\n\n","protected":false},"excerpt":{"rendered":"<p>LUNOS&nbsp;L\u00fcftungstechnik GmbH &amp; Co. KG f\u00fcr Raumluftsysteme ist ein Berliner Unternehmen und Marktf\u00fchrer f\u00fcr dezentrale Wohnungsl\u00fcftungssysteme. Das Unternehmen wurde 1959<\/p>\n","protected":false},"author":1,"featured_media":0,"parent":0,"menu_order":0,"comment_status":"closed","ping_status":"closed","template":"","meta":{"colormag_page_container_layout":"default_layout","colormag_page_sidebar_layout":"default_layout","footnotes":""},"class_list":["post-15642","page","type-page","status-publish","hentry"],"jetpack_sharing_enabled":true,"_links":{"self":[{"href":"https:\/\/deinenergieportal.de\/index.php?rest_route=\/wp\/v2\/pages\/15642","targetHints":{"allow":["GET"]}}],"collection":[{"href":"https:\/\/deinenergieportal.de\/index.php?rest_route=\/wp\/v2\/pages"}],"about":[{"href":"https:\/\/deinenergieportal.de\/index.php?rest_route=\/wp\/v2\/types\/page"}],"author":[{"embeddable":true,"href":"https:\/\/deinenergieportal.de\/index.php?rest_route=\/wp\/v2\/users\/1"}],"replies":[{"embeddable":true,"href":"https:\/\/deinenergieportal.de\/index.php?rest_route=%2Fwp%2Fv2%2Fcomments&post=15642"}],"version-history":[{"count":3,"href":"https:\/\/deinenergieportal.de\/index.php?rest_route=\/wp\/v2\/pages\/15642\/revisions"}],"predecessor-version":[{"id":16445,"href":"https:\/\/deinenergieportal.de\/index.php?rest_route=\/wp\/v2\/pages\/15642\/revisions\/16445"}],"wp:attachment":[{"href":"https:\/\/deinenergieportal.de\/index.php?rest_route=%2Fwp%2Fv2%2Fmedia&parent=15642"}],"curies":[{"name":"wp","href":"https:\/\/api.w.org\/{rel}","templated":true}]}}